{"id":1003,"date":"2023-08-18T15:26:05","date_gmt":"2023-08-18T14:26:05","guid":{"rendered":"https:\/\/www.besacc-vca.be\/?page_id=1003"},"modified":"2023-08-18T15:26:05","modified_gmt":"2023-08-18T14:26:05","slug":"privacy-policy-2","status":"publish","type":"page","link":"https:\/\/www.besacc-vca.be\/fr\/privacy-policy-2\/","title":{"rendered":"Politique de confidentialit\u00e9"},"content":{"rendered":"<p>Politique de confidentialit\u00e9 de Contractor Safety Management asbl, propri\u00e9taire de https:\/\/www.besacc-vca.be\/<\/p>\n<p><strong>1) Garanties en mati\u00e8re de protection de la vie priv\u00e9e<\/strong><\/p>\n<p>La protection de la vie priv\u00e9e des visiteurs de https:\/\/www.besacc-vca.be\/ est une t\u00e2che importante pour nous. C'est pourquoi nous d\u00e9crivons dans notre politique de confidentialit\u00e9 les informations que nous recueillons et la mani\u00e8re dont nous les utilisons.<\/p>\n<p><strong>2) Consentement<\/strong><\/p>\n<p>En utilisant les informations et les services sur https:\/\/www.besacc-vca.be\/, vous acceptez notre politique de confidentialit\u00e9 et les conditions que nous avons incluses dans le pr\u00e9sent document.<\/p>\n<p><strong>3) Questions<\/strong><\/p>\n<p>Si vous souhaitez recevoir plus d'informations ou si vous avez des questions concernant la politique de confidentialit\u00e9 de Contractor Safety Management vzw et https:\/\/www.besacc-vca.be\/ en particulier, vous pouvez nous contacter par e-mail. Notre adresse \u00e9lectronique est contact@besacc-vca.be.<\/p>\n<p><strong>4) Suivi du comportement des visiteurs<\/strong><\/p>\n<p>https:\/\/www.besacc-vca.be\/ utilise diverses techniques pour savoir qui visite le site web, comment ce visiteur se comporte sur le site web et quelles pages sont visit\u00e9es. Il s'agit d'une pratique courante pour les sites web, car elle fournit des informations qui contribuent \u00e0 la qualit\u00e9 de l'exp\u00e9rience de l'utilisateur. Les informations que nous enregistrons, via les cookies, comprennent les adresses IP, le type de navigateur et les pages d'accueil visit\u00e9es.<\/p>\n<p>Nous contr\u00f4lons \u00e9galement l'endroit o\u00f9 les visiteurs se rendent pour la premi\u00e8re fois sur le site web et la page qu'ils quittent. Ces informations restent anonymes et ne sont pas li\u00e9es \u00e0 d'autres informations personnelles.<\/p>\n<p><strong>5) Utilisation de cookies<\/strong><\/p>\n<p>https:\/\/www.besacc-vca.be\/ place des cookies aupr\u00e8s des visiteurs. Nous le faisons pour collecter des informations sur les pages que les utilisateurs visitent sur notre site web, pour savoir combien de fois les visiteurs reviennent et pour voir quelles sont les pages qui marchent bien sur le site web. Nous gardons \u00e9galement la trace des informations partag\u00e9es par le navigateur.<\/p>\n<p><strong>6) D\u00e9sactivation des cookies<\/strong><\/p>\n<p>Vous pouvez choisir de d\u00e9sactiver les cookies. Pour ce faire, vous devez utiliser les options de votre navigateur. Vous trouverez de plus amples informations sur ces options sur le site web du fournisseur de votre navigateur.<\/p>\n<p><strong>7) Cookies de tiers<\/strong><\/p>\n<p>Des tiers, tels que Google, peuvent faire de la publicit\u00e9 sur notre site web ou nous pouvons utiliser un autre service. Pour ce faire, ces tiers placent parfois des cookies. Ces cookies ne peuvent pas \u00eatre influenc\u00e9s par https:\/\/www.besacc-vca.be\/.<\/p>","protected":false},"excerpt":{"rendered":"<p>Privacy policy voor Contractor Safety Management vzw, eigenaar van https:\/\/www.besacc-vca.be\/ 1) Waarborgen Privacy Het waarborgen van de privacy van bezoekers van https:\/\/www.besacc-vca.be\/ is een belangrijke taak voor ons. Daarom beschrijven we in onze privacy policy welke informatie we verzamelen en hoe we deze informatie gebruiken. 2) Toestemming Door de informatie en de diensten op https:\/\/www.besacc-vca.be\/ [&hellip;]<\/p>\n","protected":false},"author":1,"featured_media":0,"parent":0,"menu_order":0,"comment_status":"closed","ping_status":"closed","template":"","meta":{"site-sidebar-layout":"default","site-content-layout":"","ast-site-content-layout":"default","site-content-style":"default","site-sidebar-style":"default","ast-global-header-display":"","ast-banner-title-visibility":"","ast-main-header-display":"","ast-hfb-above-header-display":"","ast-hfb-below-header-display":"","ast-hfb-mobile-header-display":"","site-post-title":"","ast-breadcrumbs-content":"","ast-featured-img":"","footer-sml-layout":"","ast-disable-related-posts":"","theme-transparent-header-meta":"default","adv-header-id-meta":"","stick-header-meta":"","header-above-stick-meta":"","header-main-stick-meta":"","header-below-stick-meta":"","astra-migrate-meta-layouts":"set","ast-page-background-enabled":"default","ast-page-background-meta":{"desktop":{"background-color":"var(--ast-global-color-4)","background-image":"","background-repeat":"repeat","background-position":"center center","background-size":"auto","background-attachment":"scroll","background-type":"","background-media":"","overlay-type":"","overlay-color":"","overlay-opacity":"","overlay-gradient":""},"tablet":{"background-color":"","background-image":"","background-repeat":"repeat","background-position":"center center","background-size":"auto","background-attachment":"scroll","background-type":"","background-media":"","overlay-type":"","overlay-color":"","overlay-opacity":"","overlay-gradient":""},"mobile":{"background-color":"","background-image":"","background-repeat":"repeat","background-position":"center center","background-size":"auto","background-attachment":"scroll","background-type":"","background-media":"","overlay-type":"","overlay-color":"","overlay-opacity":"","overlay-gradient":""}},"ast-content-background-meta":{"desktop":{"background-color":"var(--ast-global-color-5)","background-image":"","background-repeat":"repeat","background-position":"center center","background-size":"auto","background-attachment":"scroll","background-type":"","background-media":"","overlay-type":"","overlay-color":"","overlay-opacity":"","overlay-gradient":""},"tablet":{"background-color":"var(--ast-global-color-5)","background-image":"","background-repeat":"repeat","background-position":"center center","background-size":"auto","background-attachment":"scroll","background-type":"","background-media":"","overlay-type":"","overlay-color":"","overlay-opacity":"","overlay-gradient":""},"mobile":{"background-color":"var(--ast-global-color-5)","background-image":"","background-repeat":"repeat","background-position":"center center","background-size":"auto","background-attachment":"scroll","background-type":"","background-media":"","overlay-type":"","overlay-color":"","overlay-opacity":"","overlay-gradient":""}},"footnotes":""},"class_list":["post-1003","page","type-page","status-publish","hentry"],"jetpack_sharing_enabled":true,"_links":{"self":[{"href":"https:\/\/www.besacc-vca.be\/fr\/wp-json\/wp\/v2\/pages\/1003","targetHints":{"allow":["GET"]}}],"collection":[{"href":"https:\/\/www.besacc-vca.be\/fr\/wp-json\/wp\/v2\/pages"}],"about":[{"href":"https:\/\/www.besacc-vca.be\/fr\/wp-json\/wp\/v2\/types\/page"}],"author":[{"embeddable":true,"href":"https:\/\/www.besacc-vca.be\/fr\/wp-json\/wp\/v2\/users\/1"}],"replies":[{"embeddable":true,"href":"https:\/\/www.besacc-vca.be\/fr\/wp-json\/wp\/v2\/comments?post=1003"}],"version-history":[{"count":1,"href":"https:\/\/www.besacc-vca.be\/fr\/wp-json\/wp\/v2\/pages\/1003\/revisions"}],"predecessor-version":[{"id":1004,"href":"https:\/\/www.besacc-vca.be\/fr\/wp-json\/wp\/v2\/pages\/1003\/revisions\/1004"}],"wp:attachment":[{"href":"https:\/\/www.besacc-vca.be\/fr\/wp-json\/wp\/v2\/media?parent=1003"}],"curies":[{"name":"wp","href":"https:\/\/api.w.org\/{rel}","templated":true}]}}